{"id":3469,"date":"2024-04-26T10:50:04","date_gmt":"2024-04-26T08:50:04","guid":{"rendered":"http:\/\/www.ergotherapie-schwerte.de\/?page_id=3469"},"modified":"2024-04-26T10:52:37","modified_gmt":"2024-04-26T08:52:37","slug":"neurofeedback","status":"publish","type":"page","link":"https:\/\/www.ergotherapie-schwerte.de\/?page_id=3469","title":{"rendered":"Neurofeedback"},"content":{"rendered":"<div class=\"banner__title\">\n<h3>Was ist Neurofeedback?<\/h3>\n<\/div>\n<div class=\"banner__copy\">\n<div class=\"richtext js-richtext-exists\">\n<p>Neurofeedback ist ein nicht-invasiver therapeutischer Ansatz, bei dem die Gehirnwellenaktivit\u00e4t gemessen wird, um dem Patienten ein Echtzeit-Feedback zu geben. Neurofeedback wird in der Therapie haupts\u00e4chlich zur Verbesserung der Selbstregulierungsf\u00e4higkeit eingesetzt.<\/p>\n<p>Dazu werden die EEG-Signale von der Oberfl\u00e4che des Kopfes (Neuro) abgeleitet und beeinflussen eine audiovisuelle Animation, die oft einem Computerspiel \u00e4hnelt (Feedback). Auf der Grundlage einer gr\u00fcndlichen Erhebung der Symptome des Patienten werden bestimmte Frequenzbereiche der Gehirnaktivit\u00e4t gemessen und ausgewertet, um das Feedback in Form einer Animation auf einem Bildschirm in Echtzeit zu steuern. So kann sich beispielsweise eine Animation schneller bewegen, das Bild wird deutlicher oder eine Melodie wird h\u00f6rbar. Durch diesen kontinuierlichen Prozess k\u00f6nnen die Patienten lernen, ihre F\u00e4higkeit zur Selbstregulierung zu verbessern. Als Folge dieser Verbesserung k\u00f6nnen Krankheitssymptome wirksam gelindert werden.<\/p>\n<p>Neurofeedback wird bei einer Vielzahl von Indikationen erfolgreich eingesetzt, von Epilepsie \u00fcber ADHS bis hin zu Angstst\u00f6rungen, Migr\u00e4ne, Tinnitus oder Autismus sowie vielen weiteren m\u00f6glichen Anwendungsgebieten.<\/p>\n<div class=\"large-teaser__title\">\n<h3>Wie l\u00e4uft eine Neurofeedback Sitzung ab?<\/h3>\n<\/div>\n<div class=\"large-teaser__text\">\n<p>Bei einer Neurofeedback-Sitzung werden 3 bis 5 Elektroden mit einer Paste auf die Kopfhaut geklebt. Dies ist, wie die gesamte Behandlung, v\u00f6llig schmerzfrei. Danach kann sich der Patient entspannen und eine Animation, einen Film oder ein Videospiel auf dem Bildschirm verfolgen.<\/p>\n<p>Am Ende der Sitzung werden die Elektroden von der Kopfhaut entfernt. Die Reste der Paste werden entfernt. Eine Neurofeedback-Sitzung dauert in der Regel 45 Minuten. Jeder Fall ist anders. Die meisten Patienten ben\u00f6tigen zwischen 10 und 40 Sitzungen, um die besten Ergebnisse zu erzielen.<\/p>\n<div class=\"checklist__title\">\n<h3>Was sind die Vorteile von Neurofeedback?<\/h3>\n<\/div>\n<ul class=\"checklist__list\">\n<li class=\"checklist__list-item\">Nicht-invasiv, schmerzlos und ohne Medikamente, was es zu einer sicheren Alternative zu herk\u00f6mmlichen Behandlungen macht<\/li>\n<li class=\"checklist__list-item\">Hochgradig individualisierte Behandlung, die auf die spezifischen Bed\u00fcrfnisse jedes Einzelnen zugeschnitten ist<\/li>\n<li class=\"checklist__list-item\">Verwendet normative, standardisierte und quantifizierbare Messungen, die eine pr\u00e4zisere Behandlung als andere Therapien erm\u00f6glichen<\/li>\n<li class=\"checklist__list-item\">Hilft, die Ursache eines Problems zu behandeln, anstatt nur die Symptome zu behandeln, was nachweislich eine lang anhaltende Wirkung hat<\/li>\n<\/ul>\n<\/div>\n<\/div>\n<\/div>\n","protected":false},"excerpt":{"rendered":"<p>Was ist Neurofeedback? Neurofeedback ist ein nicht-invasiver therapeutischer Ansatz, bei dem die Gehirnwellenaktivit\u00e4t gemessen wird, um dem Patienten ein Echtzeit-Feedback zu geben. Neurofeedback wird in der Therapie haupts\u00e4chlich zur Verbesserung&#8230;<\/p>\n","protected":false},"author":2,"featured_media":0,"parent":0,"menu_order":0,"comment_status":"closed","ping_status":"closed","template":"","meta":{"footnotes":""},"_links":{"self":[{"href":"https:\/\/www.ergotherapie-schwerte.de\/index.php?rest_route=\/wp\/v2\/pages\/3469"}],"collection":[{"href":"https:\/\/www.ergotherapie-schwerte.de\/index.php?rest_route=\/wp\/v2\/pages"}],"about":[{"href":"https:\/\/www.ergotherapie-schwerte.de\/index.php?rest_route=\/wp\/v2\/types\/page"}],"author":[{"embeddable":true,"href":"https:\/\/www.ergotherapie-schwerte.de\/index.php?rest_route=\/wp\/v2\/users\/2"}],"replies":[{"embeddable":true,"href":"https:\/\/www.ergotherapie-schwerte.de\/index.php?rest_route=%2Fwp%2Fv2%2Fcomments&post=3469"}],"version-history":[{"count":2,"href":"https:\/\/www.ergotherapie-schwerte.de\/index.php?rest_route=\/wp\/v2\/pages\/3469\/revisions"}],"predecessor-version":[{"id":3473,"href":"https:\/\/www.ergotherapie-schwerte.de\/index.php?rest_route=\/wp\/v2\/pages\/3469\/revisions\/3473"}],"wp:attachment":[{"href":"https:\/\/www.ergotherapie-schwerte.de\/index.php?rest_route=%2Fwp%2Fv2%2Fmedia&parent=3469"}],"curies":[{"name":"wp","href":"https:\/\/api.w.org\/{rel}","templated":true}]}}