{"id":3419,"date":"2023-05-14T18:01:09","date_gmt":"2023-05-14T16:01:09","guid":{"rendered":"http:\/\/www.ergotherapie-schwerte.de\/?page_id=3419"},"modified":"2023-05-14T18:12:22","modified_gmt":"2023-05-14T16:12:22","slug":"schwindel-und-gleichgewichtstherapie","status":"publish","type":"page","link":"https:\/\/www.ergotherapie-schwerte.de\/?page_id=3419","title":{"rendered":"Schwindel- und Gleichgewichtstherapie"},"content":{"rendered":"<p><strong>Schwindel- und Gleichgewichtstherapie<\/strong><\/p>\n<p>Erkrankungen mit dem Leitsymptom Schwindel sind sehr h\u00e4ufig und begegnen uns zunehmend nicht nur als Neben- sondern auch als Hauptdiagnose in der Therapie. Die Patienten leiden oftmals stark, stehen Todes\u00e4ngste aus und sehen sich gesellschaftlichem Unverst\u00e4ndnis gegen\u00fcber. Sozialer und beruflicher R\u00fcckzug sowie zus\u00e4tzliche psychische Beschwerden sind nicht selten die Folge. H\u00e4ufig dauert es erschreckend lang und kostet viele Facharztbesuche und Nerven, bis eine Diagnose gestellt wird. Wenn sie \u00fcberhaupt gestellt wird. Die Ursachen f\u00fcr Schwindel k\u00f6nnen sehr unterschiedlich sein, dennoch ist die Befundung oftmals kein Hexenwerk und die Therapie hat \u00fcberwiegend eine gute Prognose.<\/p>\n<p>Haben Sie :<br \/>\n\u2022 Gutartiger Lagerungsschwindel<br \/>\n\u2022 Phobischer Schwankschwindel<br \/>\n\u2022 Zentral-vestibul\u00e4rer Schwindel<br \/>\n\u2022 Vestibul\u00e4re Migr\u00e4ne<br \/>\n\u2022 Morbus Meni\u00e8re<br \/>\n\u2022 Neuritis vestibularis<br \/>\n\u2022 Bilaterale Vestibulopathie<\/p>\n<p>&#8230; dann sind Sie bei uns genau richtig!<\/p>\n<p>Wir haben unser gesamtes Team in einer mehrt\u00e4gigen Fortbildung \u00fcber Schwindel- und Gleichgewichtstherapie ausgebildet.<\/p>\n<p>Stichpunktartiger Inhalt der Schwindel- und Gleichgewichtstherapie:<br \/>\n\u2022 Definition und Entstehung von Schwindel<br \/>\n\u2022 Anatomie, Physiologie &amp; Pathophysiologie des peripher- und zentral-vestibul\u00e4ren Systems<br \/>\n\u2022 Grundlagen Augenbewegungen &amp; Nystagmus<br \/>\n\u2022 Anamnese, Befunderhebung und klinische Assessments<br \/>\n\u2022 einzelne Krankheitsbilder mit Leitsymptom Schwindel<br \/>\n\u2022 vestibul\u00e4re Rehabilitationstherapie und therapeutisches Vorgehen mit spezifischen Trainingseinheiten gegen Schwindel<br \/>\n\u2022 evidenzbasierte Befreiungsman\u00f6ver bei gutartigem Lagerungsschwindel<\/p>\n<p>Weitere Informationen unter<a href=\"http:\/\/therapie-schwindel.de\/\"> www.therapie-schwindel.de<\/a><\/p>\n","protected":false},"excerpt":{"rendered":"<p>Schwindel- und Gleichgewichtstherapie Erkrankungen mit dem Leitsymptom Schwindel sind sehr h\u00e4ufig und begegnen uns zunehmend nicht nur als Neben- sondern auch als Hauptdiagnose in der Therapie. Die Patienten leiden oftmals&#8230;<\/p>\n","protected":false},"author":2,"featured_media":0,"parent":0,"menu_order":0,"comment_status":"closed","ping_status":"closed","template":"","meta":{"footnotes":""},"_links":{"self":[{"href":"https:\/\/www.ergotherapie-schwerte.de\/index.php?rest_route=\/wp\/v2\/pages\/3419"}],"collection":[{"href":"https:\/\/www.ergotherapie-schwerte.de\/index.php?rest_route=\/wp\/v2\/pages"}],"about":[{"href":"https:\/\/www.ergotherapie-schwerte.de\/index.php?rest_route=\/wp\/v2\/types\/page"}],"author":[{"embeddable":true,"href":"https:\/\/www.ergotherapie-schwerte.de\/index.php?rest_route=\/wp\/v2\/users\/2"}],"replies":[{"embeddable":true,"href":"https:\/\/www.ergotherapie-schwerte.de\/index.php?rest_route=%2Fwp%2Fv2%2Fcomments&post=3419"}],"version-history":[{"count":5,"href":"https:\/\/www.ergotherapie-schwerte.de\/index.php?rest_route=\/wp\/v2\/pages\/3419\/revisions"}],"predecessor-version":[{"id":3431,"href":"https:\/\/www.ergotherapie-schwerte.de\/index.php?rest_route=\/wp\/v2\/pages\/3419\/revisions\/3431"}],"wp:attachment":[{"href":"https:\/\/www.ergotherapie-schwerte.de\/index.php?rest_route=%2Fwp%2Fv2%2Fmedia&parent=3419"}],"curies":[{"name":"wp","href":"https:\/\/api.w.org\/{rel}","templated":true}]}}