{"id":3329,"date":"2022-08-21T18:30:39","date_gmt":"2022-08-21T16:30:39","guid":{"rendered":"http:\/\/www.ergotherapie-schwerte.de\/?page_id=3329"},"modified":"2022-08-21T18:30:40","modified_gmt":"2022-08-21T16:30:40","slug":"online-bewerbung","status":"publish","type":"page","link":"https:\/\/www.ergotherapie-schwerte.de\/?page_id=3329","title":{"rendered":"Online-Bewerbung"},"content":{"rendered":"\n<div class=\"wp-block-contact-form-7-contact-form-selector\"><div role=\"form\" class=\"wpcf7\" id=\"wpcf7-f3328-o1\" lang=\"de-DE\" dir=\"ltr\">\n<div class=\"screen-reader-response\"><p role=\"status\" aria-live=\"polite\" aria-atomic=\"true\"><\/p> <ul><\/ul><\/div>\n<form action=\"\/index.php?rest_route=%2Fwp%2Fv2%2Fpages%2F3329#wpcf7-f3328-o1\" method=\"post\" class=\"wpcf7-form init\" enctype=\"multipart\/form-data\" novalidate=\"novalidate\" data-status=\"init\">\n<div style=\"display: none;\">\n<input type=\"hidden\" name=\"_wpcf7\" value=\"3328\" \/>\n<input type=\"hidden\" name=\"_wpcf7_version\" value=\"5.6.4\" \/>\n<input type=\"hidden\" name=\"_wpcf7_locale\" value=\"de_DE\" \/>\n<input type=\"hidden\" name=\"_wpcf7_unit_tag\" value=\"wpcf7-f3328-o1\" \/>\n<input type=\"hidden\" name=\"_wpcf7_container_post\" value=\"0\" \/>\n<input type=\"hidden\" name=\"_wpcf7_posted_data_hash\" value=\"\" \/>\n<\/div>\n<p><label> Ich m\u00f6chte mich bewerben als:<br \/>\n    <span class=\"wpcf7-form-control-wrap\" data-name=\"menu-678\"><select name=\"menu-678\" class=\"wpcf7-form-control wpcf7-select wpcf7-validates-as-required\" aria-required=\"true\" aria-invalid=\"false\"><option value=\"\">---<\/option><option value=\"Ergotherapeut\/in Vollzeit\">Ergotherapeut\/in Vollzeit<\/option><option value=\"Ergotherapeut\/in Teilzeit\">Ergotherapeut\/in Teilzeit<\/option><option value=\"Physiotherapeut\/in Vollzeit\">Physiotherapeut\/in Vollzeit<\/option><option value=\"Physiotherapeut\/in Teilzeit\">Physiotherapeut\/in Teilzeit<\/option><\/select><\/span>  <\/label><\/p>\n<p><label> Name:<br \/>\n    <span class=\"wpcf7-form-control-wrap\" data-name=\"your-name\"><input type=\"text\" name=\"your-name\" value=\"\" size=\"40\" class=\"wpcf7-form-control wpcf7-text wpcf7-validates-as-required\" aria-required=\"true\" aria-invalid=\"false\" \/><\/span> <\/label><\/p>\n<p><label> E-Mail:<br \/>\n    <span class=\"wpcf7-form-control-wrap\" data-name=\"your-email\"><input type=\"email\" name=\"your-email\" value=\"\" size=\"40\" class=\"wpcf7-form-control wpcf7-text wpcf7-email wpcf7-validates-as-required wpcf7-validates-as-email\" aria-required=\"true\" aria-invalid=\"false\" \/><\/span> <\/label><\/p>\n<p><label> Geburtsdatum:<br \/>\n    <span class=\"wpcf7-form-control-wrap\" data-name=\"your-bday\"><input type=\"date\" name=\"your-bday\" value=\"\" class=\"wpcf7-form-control wpcf7-date wpcf7-validates-as-required wpcf7-validates-as-date\" aria-required=\"true\" aria-invalid=\"false\" \/><\/span> <\/label><\/p>\n<p><label> Telefon:<br \/>\n    <span class=\"wpcf7-form-control-wrap\" data-name=\"your-telephone\"><input type=\"text\" name=\"your-telephone\" value=\"\" size=\"40\" class=\"wpcf7-form-control wpcf7-text wpcf7-validates-as-required\" aria-required=\"true\" aria-invalid=\"false\" \/><\/span> <\/label><\/p>\n<p><label> Stra\u00dfe und Hausnummer:<br \/>\n    <span class=\"wpcf7-form-control-wrap\" data-name=\"your-street_nr\"><input type=\"text\" name=\"your-street_nr\" value=\"\" size=\"40\" class=\"wpcf7-form-control wpcf7-text wpcf7-validates-as-required\" aria-required=\"true\" aria-invalid=\"false\" \/><\/span> <\/label><\/p>\n<p><label> PLZ und Ort:<br \/>\n    <span class=\"wpcf7-form-control-wrap\" data-name=\"your-plz_ort\"><input type=\"text\" name=\"your-plz_ort\" value=\"\" size=\"40\" class=\"wpcf7-form-control wpcf7-text wpcf7-validates-as-required\" aria-required=\"true\" aria-invalid=\"false\" \/><\/span> <\/label><\/p>\n<p><label> Fr\u00fchstm\u00f6glicher Eintrittstermin:<br \/>\n    <span class=\"wpcf7-form-control-wrap\" data-name=\"your-begindate\"><input type=\"date\" name=\"your-begindate\" value=\"\" class=\"wpcf7-form-control wpcf7-date wpcf7-validates-as-required wpcf7-validates-as-date\" aria-required=\"true\" aria-invalid=\"false\" \/><\/span> <\/label><\/p>\n<p><label> Berufsausbildung:<br \/>\n    <span class=\"wpcf7-form-control-wrap\" data-name=\"your-ausbildung\"><input type=\"text\" name=\"your-ausbildung\" value=\"\" size=\"40\" class=\"wpcf7-form-control wpcf7-text wpcf7-validates-as-required\" aria-required=\"true\" aria-invalid=\"false\" \/><\/span> <\/label><\/p>\n<p><label> Zusatzqualifikationen \/ Fortbildungen:<br \/>\n    <span class=\"wpcf7-form-control-wrap\" data-name=\"your-zusatzqualifikation\"><input type=\"text\" name=\"your-zusatzqualifikation\" value=\"\" size=\"40\" class=\"wpcf7-form-control wpcf7-text\" aria-invalid=\"false\" \/><\/span> <\/label><\/p>\n<p><label> Kurzinfo zur Person:<br \/>\n    <span class=\"wpcf7-form-control-wrap\" data-name=\"your-info\"><textarea name=\"your-info\" cols=\"40\" rows=\"10\" class=\"wpcf7-form-control wpcf7-textarea\" aria-invalid=\"false\">Bewerbungstext und sonstige Informationen, die f\u00fcr uns wichtig sind.<\/textarea><\/span> <\/label><\/p>\n<p><span class=\"wpcf7-form-control-wrap\" data-name=\"file-29\"><input type=\"file\" name=\"file-29\" size=\"40\" class=\"wpcf7-form-control wpcf7-file\" accept=\".pdf,.jpg,.jpeg,.tif,.tiff,.png,.doc,.gif,.docx\" aria-invalid=\"false\" \/><\/span><br \/>\n<span class=\"wpcf7-form-control-wrap\" data-name=\"file-30\"><input type=\"file\" name=\"file-30\" size=\"40\" class=\"wpcf7-form-control wpcf7-file\" accept=\".pdf,.jpg,.jpeg,.tif,.tiff,.png,.doc,.gif,.docx\" aria-invalid=\"false\" \/><\/span><br \/>\n<span class=\"wpcf7-form-control-wrap\" data-name=\"file-31\"><input type=\"file\" name=\"file-31\" size=\"40\" class=\"wpcf7-form-control wpcf7-file\" accept=\".pdf,.jpg,.jpeg,.tif,.tiff,.png,.doc,.gif,.docx\" aria-invalid=\"false\" \/><\/span><\/p>\n<p><input type=\"submit\" value=\"Senden\" class=\"wpcf7-form-control has-spinner wpcf7-submit\" \/><\/p>\n<div class=\"wpcf7-response-output\" aria-hidden=\"true\"><\/div><\/form><\/div><\/div>\n","protected":false},"excerpt":{"rendered":"Ich m\u00f6chte mich bewerben als: ---Ergotherapeut\/in VollzeitErgotherapeut\/in TeilzeitPhysiotherapeut\/in VollzeitPhysiotherapeut\/in Teilzeit Name: E-Mail: Geburtsdatum: Telefon: Stra\u00dfe und Hausnummer: PLZ und Ort: Fr\u00fchstm\u00f6glicher Eintrittstermin: Berufsausbildung: Zusatzqualifikationen \/ Fortbildungen: Kurzinfo zur Person: Bewerbungstext...","protected":false},"author":2,"featured_media":0,"parent":0,"menu_order":0,"comment_status":"closed","ping_status":"closed","template":"","meta":{"footnotes":""},"_links":{"self":[{"href":"https:\/\/www.ergotherapie-schwerte.de\/index.php?rest_route=\/wp\/v2\/pages\/3329"}],"collection":[{"href":"https:\/\/www.ergotherapie-schwerte.de\/index.php?rest_route=\/wp\/v2\/pages"}],"about":[{"href":"https:\/\/www.ergotherapie-schwerte.de\/index.php?rest_route=\/wp\/v2\/types\/page"}],"author":[{"embeddable":true,"href":"https:\/\/www.ergotherapie-schwerte.de\/index.php?rest_route=\/wp\/v2\/users\/2"}],"replies":[{"embeddable":true,"href":"https:\/\/www.ergotherapie-schwerte.de\/index.php?rest_route=%2Fwp%2Fv2%2Fcomments&post=3329"}],"version-history":[{"count":2,"href":"https:\/\/www.ergotherapie-schwerte.de\/index.php?rest_route=\/wp\/v2\/pages\/3329\/revisions"}],"predecessor-version":[{"id":3332,"href":"https:\/\/www.ergotherapie-schwerte.de\/index.php?rest_route=\/wp\/v2\/pages\/3329\/revisions\/3332"}],"wp:attachment":[{"href":"https:\/\/www.ergotherapie-schwerte.de\/index.php?rest_route=%2Fwp%2Fv2%2Fmedia&parent=3329"}],"curies":[{"name":"wp","href":"https:\/\/api.w.org\/{rel}","templated":true}]}}