{"id":3298,"date":"2022-08-14T17:13:43","date_gmt":"2022-08-14T15:13:43","guid":{"rendered":"http:\/\/www.ergotherapie-schwerte.de\/?page_id=3298"},"modified":"2024-10-14T16:54:37","modified_gmt":"2024-10-14T14:54:37","slug":"stellenangebot-physiotherapie-leitung","status":"publish","type":"page","link":"https:\/\/www.ergotherapie-schwerte.de\/?page_id=3298","title":{"rendered":"Stellenangebote Physiotherapie"},"content":{"rendered":"<p><strong>Stellenangebote Physiotherapie<br \/>\n<\/strong><\/p>\n<p>Hallo liebe Physiotherapeutinnen und Physiotherapeuten!<\/p>\n<p>Zur Verst\u00e4rkung unseres Teams in\u00a0<strong>Fr\u00f6ndenberg<\/strong>\u00a0suchen wir zum n\u00e4chstm\u00f6glichen Zeitpunkt eine\/n <u>Physiotherapeutin\/en<\/u> in Vollzeit oder Teilzeit.<\/p>\n<p>Hast Du Lust auf eine neue interessante Herausforderung? M\u00f6chtest Du mit uns an einem neuen interdisziplin\u00e4ren Konzept arbeiten und neue Erfahrungen sammeln? Dann bewirb dich bei uns!<\/p>\n<p><u>Wir bieten Dir:<\/u><\/p>\n<ul>\n<li>gute Bezahlung in freundlich und gut eingerichteten R\u00e4umlichkeiten<\/li>\n<li><strong>monatliche Tankguthaben<\/strong> und betriebliche Altersversorgung<\/li>\n<li>30 Tage Urlaub<\/li>\n<li>w\u00f6chentliche Teambesprechungen<\/li>\n<li>regelm\u00e4\u00dfige <strong>gemeinsame Teamunternehmungen<\/strong><\/li>\n<li>einen gesicherten unbefristeten Arbeitsplatz<\/li>\n<li>regelm\u00e4\u00dfige interne Fortbildung und <strong>j\u00e4hrliche Inhouse-Fortbildung<\/strong> f\u00fcr das gesamte Team<\/li>\n<li>finanzielle Unterst\u00fctzung bei externen Fortbildungen<\/li>\n<li>5 Tage Sonderurlaub f\u00fcr Fortbildungen<\/li>\n<li>regelm\u00e4\u00dfige <strong>Mitarbeitergespr\u00e4che<\/strong> <span class=\"BxUVEf ILfuVd\" lang=\"de\"><span class=\"hgKElc\">um die pers\u00f6nliche und fachliche Entwicklung zu f\u00f6rdern<\/span><\/span><\/li>\n<li>B\u00fcrokr\u00e4fte die den Gro\u00dfteil der Organisation \u00fcbernehmen<\/li>\n<li>bezahlte Arbeitskleidung (auf Wunsch)<\/li>\n<\/ul>\n<p>Wir sind in den Fachbereichen Orthop\u00e4die, Chirurgie, Neurologie und Geriatrie t\u00e4tig.<\/p>\n<p>Unser gesamtes Team unterst\u00fctzt Dich gerne bei der Einarbeitung. Dies erm\u00f6glicht Dir eine schrittweise \u00dcbernahme von Aufgaben.<br \/>\nEigene Ideen sind sehr willkommen und wir freuen uns auf Deine zuverl\u00e4ssige, sorgf\u00e4ltige und engagierte Arbeit.<\/p>\n<p>Bewirb Dich <strong><a href=\"http:\/\/www.ergotherapie-schwerte.de\/?page_id=3329\">hier<\/a> <\/strong>oder vereinbare einen Hospitationstag bei uns!<\/p>\n<p>per Email an\u00a0<a href=\"mailto:info@ergotherapie-schwerte.de\">info@ergotherapie-schwerte.de<\/a>\u00a0oder per Post an:<\/p>\n<p>Ergotherapie &amp; Physiotherapie<br \/>\nStefanie Herbst<br \/>\nHirschberg 5e<br \/>\n58730 Fr\u00f6ndenberg<\/p>\n<p>Wir freuen uns auf Dich!<br \/>\nStefanie Herbst &amp; Team<\/p>\n","protected":false},"excerpt":{"rendered":"<p>Stellenangebote Physiotherapie Hallo liebe Physiotherapeutinnen und Physiotherapeuten! Zur Verst\u00e4rkung unseres Teams in\u00a0Fr\u00f6ndenberg\u00a0suchen wir zum n\u00e4chstm\u00f6glichen Zeitpunkt eine\/n Physiotherapeutin\/en in Vollzeit oder Teilzeit. Hast Du Lust auf eine neue interessante Herausforderung?&#8230;<\/p>\n","protected":false},"author":2,"featured_media":0,"parent":0,"menu_order":0,"comment_status":"closed","ping_status":"closed","template":"","meta":{"footnotes":""},"_links":{"self":[{"href":"https:\/\/www.ergotherapie-schwerte.de\/index.php?rest_route=\/wp\/v2\/pages\/3298"}],"collection":[{"href":"https:\/\/www.ergotherapie-schwerte.de\/index.php?rest_route=\/wp\/v2\/pages"}],"about":[{"href":"https:\/\/www.ergotherapie-schwerte.de\/index.php?rest_route=\/wp\/v2\/types\/page"}],"author":[{"embeddable":true,"href":"https:\/\/www.ergotherapie-schwerte.de\/index.php?rest_route=\/wp\/v2\/users\/2"}],"replies":[{"embeddable":true,"href":"https:\/\/www.ergotherapie-schwerte.de\/index.php?rest_route=%2Fwp%2Fv2%2Fcomments&post=3298"}],"version-history":[{"count":12,"href":"https:\/\/www.ergotherapie-schwerte.de\/index.php?rest_route=\/wp\/v2\/pages\/3298\/revisions"}],"predecessor-version":[{"id":3487,"href":"https:\/\/www.ergotherapie-schwerte.de\/index.php?rest_route=\/wp\/v2\/pages\/3298\/revisions\/3487"}],"wp:attachment":[{"href":"https:\/\/www.ergotherapie-schwerte.de\/index.php?rest_route=%2Fwp%2Fv2%2Fmedia&parent=3298"}],"curies":[{"name":"wp","href":"https:\/\/api.w.org\/{rel}","templated":true}]}}