{"id":3281,"date":"2022-08-14T15:02:32","date_gmt":"2022-08-14T13:02:32","guid":{"rendered":"http:\/\/www.ergotherapie-schwerte.de\/?page_id=3281"},"modified":"2024-10-14T16:54:00","modified_gmt":"2024-10-14T14:54:00","slug":"stellenangebote-ergotherapie","status":"publish","type":"page","link":"https:\/\/www.ergotherapie-schwerte.de\/?page_id=3281","title":{"rendered":"Stellenangebote Ergotherapie"},"content":{"rendered":"[vc_row type=&#8220;in_container&#8220; full_screen_row_position=&#8220;middle&#8220; column_margin=&#8220;default&#8220; column_direction=&#8220;default&#8220; column_direction_tablet=&#8220;default&#8220; column_direction_phone=&#8220;default&#8220; scene_position=&#8220;center&#8220; text_color=&#8220;dark&#8220; text_align=&#8220;left&#8220; row_border_radius=&#8220;none&#8220; row_border_radius_applies=&#8220;bg&#8220; overflow=&#8220;visible&#8220; overlay_strength=&#8220;0.3&#8243; gradient_direction=&#8220;left_to_right&#8220; shape_divider_position=&#8220;bottom&#8220; bg_image_animation=&#8220;none&#8220;][vc_column column_padding=&#8220;no-extra-padding&#8220; column_padding_tablet=&#8220;inherit&#8220; column_padding_phone=&#8220;inherit&#8220; column_padding_position=&#8220;all&#8220; column_element_direction_desktop=&#8220;default&#8220; column_element_spacing=&#8220;default&#8220; desktop_text_alignment=&#8220;default&#8220; tablet_text_alignment=&#8220;default&#8220; phone_text_alignment=&#8220;default&#8220; background_color_opacity=&#8220;1&#8243; background_hover_color_opacity=&#8220;1&#8243; column_backdrop_filter=&#8220;none&#8220; column_shadow=&#8220;none&#8220; column_border_radius=&#8220;none&#8220; column_link_target=&#8220;_self&#8220; column_position=&#8220;default&#8220; gradient_direction=&#8220;left_to_right&#8220; overlay_strength=&#8220;0.3&#8243; width=&#8220;1\/1&#8243; tablet_width_inherit=&#8220;default&#8220; animation_type=&#8220;default&#8220; bg_image_animation=&#8220;none&#8220; border_type=&#8220;simple&#8220; column_border_width=&#8220;none&#8220; column_border_style=&#8220;solid&#8220;][vc_column_text]<strong>Stellenangebote Ergotherapie<\/strong><\/p>\n<p>Hallo liebe Ergotherapeutinnen und Ergotherapeuten!<\/p>\n<p>Zur Verst\u00e4rkung unserer Teams in\u00a0<strong>Schwerte<\/strong>\u00a0und\u00a0<strong>Fr\u00f6ndenberg<\/strong>\u00a0suchen wir zum n\u00e4chstm\u00f6glichen Zeitpunkt je eine\/n <u>Ergotherapeutin\/en in Vollzeit oder Teilzeit.<\/u><\/p>\n<p>Hast Du Lust auf eine neue interessante Herausforderung? M\u00f6chtest Du Deine Kenntnisse erweitern und neue Erfahrungen sammeln? Dann bewirb dich bei uns!<\/p>\n<p><u>Wir bieten Dir:<\/u><\/p>\n<ul>\n<li>gute Bezahlung in freundlich und gut eingerichteten R\u00e4umlichkeiten<\/li>\n<li><strong>monatliche Tankguthaben<\/strong> und betriebliche Altersversorgung<\/li>\n<li>30 Tage Urlaub<\/li>\n<li>w\u00f6chentliche Teambesprechungen<\/li>\n<li>regelm\u00e4\u00dfige <strong>gemeinsame Teamunternehmungen<\/strong><\/li>\n<li>einen gesicherten unbefristeten Arbeitsplatz<\/li>\n<li>regelm\u00e4\u00dfige interne Fortbildung und <strong>j\u00e4hrliche Inhouse-Fortbildung<\/strong> f\u00fcr das gesamte Team<\/li>\n<li>finanzielle Unterst\u00fctzung bei externen Fortbildungen<\/li>\n<li>5 Tage Sonderurlaub f\u00fcr Fortbildungen<\/li>\n<li>regelm\u00e4\u00dfige <strong>Mitarbeitergespr\u00e4che<\/strong> <span class=\"BxUVEf ILfuVd\" lang=\"de\"><span class=\"hgKElc\">um die pers\u00f6nliche und fachliche Entwicklung zu f\u00f6rdern<\/span><\/span><\/li>\n<li>B\u00fcrokr\u00e4fte die den Gro\u00dfteil der Organisation \u00fcbernehmen<\/li>\n<li>bezahlte Arbeitskleidung (auf Wunsch)<\/li>\n<\/ul>\n<p>Wir sind in den Fachbereichen P\u00e4diatrie, Neurologie, Psychiatrie, Rheumatologie\/ Orthop\u00e4die \/ Handtherapie, sowie Gerontologie t\u00e4tig.<\/p>\n<p>Unser gesamtes Team unterst\u00fctzt Dich gerne bei der Einarbeitung. Dies erm\u00f6glicht Dir eine schrittweise \u00dcbernahme von Aufgaben.<br \/>\nEigene Ideen sind sehr willkommen und wir freuen uns auf Deine zuverl\u00e4ssige, sorgf\u00e4ltige und engagierte Arbeit.<\/p>\n<p>Bewirb dich <a href=\"http:\/\/www.ergotherapie-schwerte.de\/?page_id=3329\"><strong>hier<\/strong> <\/a>oder vereinbare einen Hospitationstag bei uns!<\/p>\n<p>per Email an\u00a0<a href=\"mailto:info@ergotherapie-schwerte.de\">info@ergotherapie-schwerte.de<\/a>\u00a0oder per Post an:<\/p>\n<p>Ergotherapie &amp; Physiotherapie<br \/>\nStefanie Herbst<br \/>\nHirschberg 5e<br \/>\n58730 Fr\u00f6ndenberg[\/vc_column_text][\/vc_column][\/vc_row][vc_row type=&#8220;in_container&#8220; full_screen_row_position=&#8220;middle&#8220; column_margin=&#8220;default&#8220; column_direction=&#8220;default&#8220; column_direction_tablet=&#8220;default&#8220; column_direction_phone=&#8220;default&#8220; scene_position=&#8220;center&#8220; text_color=&#8220;dark&#8220; text_align=&#8220;left&#8220; row_border_radius=&#8220;none&#8220; row_border_radius_applies=&#8220;bg&#8220; overflow=&#8220;visible&#8220; overlay_strength=&#8220;0.3&#8243; gradient_direction=&#8220;left_to_right&#8220; shape_divider_position=&#8220;bottom&#8220; bg_image_animation=&#8220;none&#8220;][vc_column column_padding=&#8220;no-extra-padding&#8220; column_padding_tablet=&#8220;inherit&#8220; column_padding_phone=&#8220;inherit&#8220; column_padding_position=&#8220;all&#8220; column_element_direction_desktop=&#8220;default&#8220; column_element_spacing=&#8220;default&#8220; desktop_text_alignment=&#8220;default&#8220; tablet_text_alignment=&#8220;default&#8220; phone_text_alignment=&#8220;default&#8220; background_color_opacity=&#8220;1&#8243; background_hover_color_opacity=&#8220;1&#8243; column_backdrop_filter=&#8220;none&#8220; column_shadow=&#8220;none&#8220; column_border_radius=&#8220;none&#8220; column_link_target=&#8220;_self&#8220; column_position=&#8220;default&#8220; gradient_direction=&#8220;left_to_right&#8220; overlay_strength=&#8220;0.3&#8243; width=&#8220;1\/1&#8243; tablet_width_inherit=&#8220;default&#8220; animation_type=&#8220;default&#8220; bg_image_animation=&#8220;none&#8220; border_type=&#8220;simple&#8220; column_border_width=&#8220;none&#8220; column_border_style=&#8220;solid&#8220;][\/vc_column][\/vc_row]\n","protected":false},"excerpt":{"rendered":"<p>[vc_row type=&#8220;in_container&#8220; full_screen_row_position=&#8220;middle&#8220; column_margin=&#8220;default&#8220; column_direction=&#8220;default&#8220; column_direction_tablet=&#8220;default&#8220; column_direction_phone=&#8220;default&#8220; scene_position=&#8220;center&#8220; text_color=&#8220;dark&#8220; text_align=&#8220;left&#8220; row_border_radius=&#8220;none&#8220; row_border_radius_applies=&#8220;bg&#8220; overflow=&#8220;visible&#8220; overlay_strength=&#8220;0.3&#8243; gradient_direction=&#8220;left_to_right&#8220; shape_divider_position=&#8220;bottom&#8220; bg_image_animation=&#8220;none&#8220;][vc_column column_padding=&#8220;no-extra-padding&#8220; column_padding_tablet=&#8220;inherit&#8220; column_padding_phone=&#8220;inherit&#8220; column_padding_position=&#8220;all&#8220; column_element_direction_desktop=&#8220;default&#8220; column_element_spacing=&#8220;default&#8220; desktop_text_alignment=&#8220;default&#8220; tablet_text_alignment=&#8220;default&#8220; phone_text_alignment=&#8220;default&#8220; background_color_opacity=&#8220;1&#8243; background_hover_color_opacity=&#8220;1&#8243; column_backdrop_filter=&#8220;none&#8220; column_shadow=&#8220;none&#8220;&#8230;<\/p>\n","protected":false},"author":2,"featured_media":0,"parent":0,"menu_order":0,"comment_status":"closed","ping_status":"closed","template":"","meta":{"footnotes":""},"_links":{"self":[{"href":"https:\/\/www.ergotherapie-schwerte.de\/index.php?rest_route=\/wp\/v2\/pages\/3281"}],"collection":[{"href":"https:\/\/www.ergotherapie-schwerte.de\/index.php?rest_route=\/wp\/v2\/pages"}],"about":[{"href":"https:\/\/www.ergotherapie-schwerte.de\/index.php?rest_route=\/wp\/v2\/types\/page"}],"author":[{"embeddable":true,"href":"https:\/\/www.ergotherapie-schwerte.de\/index.php?rest_route=\/wp\/v2\/users\/2"}],"replies":[{"embeddable":true,"href":"https:\/\/www.ergotherapie-schwerte.de\/index.php?rest_route=%2Fwp%2Fv2%2Fcomments&post=3281"}],"version-history":[{"count":15,"href":"https:\/\/www.ergotherapie-schwerte.de\/index.php?rest_route=\/wp\/v2\/pages\/3281\/revisions"}],"predecessor-version":[{"id":3486,"href":"https:\/\/www.ergotherapie-schwerte.de\/index.php?rest_route=\/wp\/v2\/pages\/3281\/revisions\/3486"}],"wp:attachment":[{"href":"https:\/\/www.ergotherapie-schwerte.de\/index.php?rest_route=%2Fwp%2Fv2%2Fmedia&parent=3281"}],"curies":[{"name":"wp","href":"https:\/\/api.w.org\/{rel}","templated":true}]}}