{"id":2953,"date":"2018-07-17T18:24:44","date_gmt":"2018-07-17T16:24:44","guid":{"rendered":"http:\/\/www.ergotherapie-schwerte.de\/?page_id=2953"},"modified":"2018-07-17T18:24:44","modified_gmt":"2018-07-17T16:24:44","slug":"handtherapie","status":"publish","type":"page","link":"https:\/\/www.ergotherapie-schwerte.de\/?page_id=2953","title":{"rendered":"Handtherapie"},"content":{"rendered":"<h3 class=\"csc-firstHeader\">Handtherapie<\/h3>\n<p>&nbsp;<\/p>\n<p class=\"bodytext\">Indikation:<\/p>\n<ul>\n<li>Handverletzungen, Komplikationen nach Handoperationen<\/li>\n<li>Arthose\/Arthritis<\/li>\n<li>Einschr\u00e4nkungen im Alltag aufgrund einer Handverletzung\/-erkrankung<\/li>\n<li>Einschr\u00e4nkung im Bereich der Handmuskelkoordination, Kraft, Tonusregulationsst\u00f6rungen, Dysbalancen, Sensibilit\u00e4t; Schmerz<\/li>\n<\/ul>\n<p>Zum Einsatz kommen z.B.<\/p>\n<ul type=\"disc\">\n<li>Visuelle analoge Schmerzbeurteilung<\/li>\n<li>vegetativen Behandlungstechniken (hei\u00dfe Rolle, Kryotherapie, Akumat)<\/li>\n<li>Manuelle Therapie (Traktion, Mobilisation, Stabilisation)<\/li>\n<li>Ausgleich muskul\u00e4rer Dysbalancen und allgemeines Stabilit\u00e4tstraining der Finger- und Daumengelenke<\/li>\n<li>Aktives Bewegungsprogramm<\/li>\n<li>Bindegewebsmassage<\/li>\n<li>L\u00f6sen von Triggerpoints<\/li>\n<li>Beratung im Umgang mit der Erkrankung im Alltag<\/li>\n<li>Dehntechniken<\/li>\n<li>myofasziales Release<\/li>\n<li>Narbenmassage mit Narbenstick\/Deuser Stab, Narbenreduktionspflaster<\/li>\n<li>Therapie mit niederfrequenten Wechselstr\u00f6men (TENS u.A.)<\/li>\n<li>Taping<\/li>\n<li>Krafttraining<\/li>\n<\/ul>\n","protected":false},"excerpt":{"rendered":"<p>Handtherapie &nbsp; Indikation: Handverletzungen, Komplikationen nach Handoperationen Arthose\/Arthritis Einschr\u00e4nkungen im Alltag aufgrund einer Handverletzung\/-erkrankung Einschr\u00e4nkung im Bereich der Handmuskelkoordination, Kraft, Tonusregulationsst\u00f6rungen, Dysbalancen, Sensibilit\u00e4t; Schmerz Zum Einsatz kommen z.B. Visuelle analoge&#8230;<\/p>\n","protected":false},"author":2,"featured_media":0,"parent":9,"menu_order":0,"comment_status":"closed","ping_status":"closed","template":"","meta":{"footnotes":""},"_links":{"self":[{"href":"https:\/\/www.ergotherapie-schwerte.de\/index.php?rest_route=\/wp\/v2\/pages\/2953"}],"collection":[{"href":"https:\/\/www.ergotherapie-schwerte.de\/index.php?rest_route=\/wp\/v2\/pages"}],"about":[{"href":"https:\/\/www.ergotherapie-schwerte.de\/index.php?rest_route=\/wp\/v2\/types\/page"}],"author":[{"embeddable":true,"href":"https:\/\/www.ergotherapie-schwerte.de\/index.php?rest_route=\/wp\/v2\/users\/2"}],"replies":[{"embeddable":true,"href":"https:\/\/www.ergotherapie-schwerte.de\/index.php?rest_route=%2Fwp%2Fv2%2Fcomments&post=2953"}],"version-history":[{"count":1,"href":"https:\/\/www.ergotherapie-schwerte.de\/index.php?rest_route=\/wp\/v2\/pages\/2953\/revisions"}],"predecessor-version":[{"id":2954,"href":"https:\/\/www.ergotherapie-schwerte.de\/index.php?rest_route=\/wp\/v2\/pages\/2953\/revisions\/2954"}],"up":[{"embeddable":true,"href":"https:\/\/www.ergotherapie-schwerte.de\/index.php?rest_route=\/wp\/v2\/pages\/9"}],"wp:attachment":[{"href":"https:\/\/www.ergotherapie-schwerte.de\/index.php?rest_route=%2Fwp%2Fv2%2Fmedia&parent=2953"}],"curies":[{"name":"wp","href":"https:\/\/api.w.org\/{rel}","templated":true}]}}