{"id":2947,"date":"2018-07-17T18:24:44","date_gmt":"2018-07-17T16:24:44","guid":{"rendered":"http:\/\/www.ergotherapie-schwerte.de\/?page_id=2947"},"modified":"2018-07-17T18:24:44","modified_gmt":"2018-07-17T16:24:44","slug":"attentioner-training","status":"publish","type":"page","link":"https:\/\/www.ergotherapie-schwerte.de\/?page_id=2947","title":{"rendered":"Attentioner &#8211; Training"},"content":{"rendered":"<h3>Attentioner &#8211; Training<\/h3>\n<p>&nbsp;<\/p>\n<p class=\"bodytext\">Das <b>ATTENTIONER<\/b> ist ein verhaltenstherapeutisches Gruppentraining mit motorischen Elementen f\u00fcr Kinder zwischen 5 und 8 Jahren (letztes Kindergartenjahr\/ Vorschule\/1.+2.Klasse).<\/p>\n<p class=\"bodytext\">Ein wichtiger Bestandteil des Trainings sind Einzel- und Familienauftr\u00e4ge, die zuhause bearbeitet werden sollen.<br \/>\nMit Hilfe von Gruppenregeln und Punktepl\u00e4nen werden soziale F\u00e4higkeiten und positives Verhalten in der Gruppe gef\u00f6rdert.<\/p>\n<p class=\"bodytext\"><b>Ziele<\/b><\/p>\n<p class=\"bodytext\"><b>Verringerung der Ablenkbarkeit<\/b><\/p>\n<ul>\n<li>Kontinuierliches und ausdauerndes Bearbeiten von Aufgaben<\/li>\n<li>Genaues Hin- und Zuh\u00f6ren<\/li>\n<li>Ad\u00e4quates Umsetzen von Anforderungen<\/li>\n<\/ul>\n<p class=\"bodytext\"><b> Verbesserung der geteilten Aufmerksamkeit <\/b><\/p>\n<ul>\n<li>gezielt Reaktionen auf unterschiedliche Reize<\/li>\n<\/ul>\n<p class=\"bodytext\"><b> Verbesserung des Sozialverhaltens<\/b><\/p>\n<ul>\n<li>im Team zu arbeiten<\/li>\n<li>sich fair zu verhalten<\/li>\n<li>mit Frust und Misserfolg umgehen zu lernen<\/li>\n<li>sich an Regeln zu halten<\/li>\n<li>lernen abzuwarten<\/li>\n<li>Umgang mit N\u00e4he und Distanz<\/li>\n<\/ul>\n<p class=\"bodytext\"><b> Bearbeiten von Aufgaben mit und in dem h\u00e4uslichen Umfeld <\/b><\/p>\n<ul>\n<li>L\u00f6sen von Auftr\u00e4gen<\/li>\n<li>Mitbringen der Arbeitsmaterialien<\/li>\n<\/ul>\n<p class=\"bodytext\"><b>Verbesserung der Eigenwahrnehmung<\/b><\/p>\n<ul>\n<li>Verbesserung der Kraftdosierung<\/li>\n<li>F\u00f6rderung der K\u00f6rperkoordination<\/li>\n<li>Regulation der Muskelspannung<\/li>\n<li>Gleichgewichtsregulation<\/li>\n<li>Aufgaben zur Eigensteuerung<\/li>\n<\/ul>\n<p class=\"bodytext\">Bei Fragen zum Training stehen wir Ihnen gerne zur Verf\u00fcgung. Bitte sprechen Sie uns an.<\/p>\n","protected":false},"excerpt":{"rendered":"<p>Attentioner &#8211; Training &nbsp; Das ATTENTIONER ist ein verhaltenstherapeutisches Gruppentraining mit motorischen Elementen f\u00fcr Kinder zwischen 5 und 8 Jahren (letztes Kindergartenjahr\/ Vorschule\/1.+2.Klasse). Ein wichtiger Bestandteil des Trainings sind Einzel-&#8230;<\/p>\n","protected":false},"author":2,"featured_media":0,"parent":9,"menu_order":0,"comment_status":"closed","ping_status":"closed","template":"","meta":{"footnotes":""},"_links":{"self":[{"href":"https:\/\/www.ergotherapie-schwerte.de\/index.php?rest_route=\/wp\/v2\/pages\/2947"}],"collection":[{"href":"https:\/\/www.ergotherapie-schwerte.de\/index.php?rest_route=\/wp\/v2\/pages"}],"about":[{"href":"https:\/\/www.ergotherapie-schwerte.de\/index.php?rest_route=\/wp\/v2\/types\/page"}],"author":[{"embeddable":true,"href":"https:\/\/www.ergotherapie-schwerte.de\/index.php?rest_route=\/wp\/v2\/users\/2"}],"replies":[{"embeddable":true,"href":"https:\/\/www.ergotherapie-schwerte.de\/index.php?rest_route=%2Fwp%2Fv2%2Fcomments&post=2947"}],"version-history":[{"count":1,"href":"https:\/\/www.ergotherapie-schwerte.de\/index.php?rest_route=\/wp\/v2\/pages\/2947\/revisions"}],"predecessor-version":[{"id":2948,"href":"https:\/\/www.ergotherapie-schwerte.de\/index.php?rest_route=\/wp\/v2\/pages\/2947\/revisions\/2948"}],"up":[{"embeddable":true,"href":"https:\/\/www.ergotherapie-schwerte.de\/index.php?rest_route=\/wp\/v2\/pages\/9"}],"wp:attachment":[{"href":"https:\/\/www.ergotherapie-schwerte.de\/index.php?rest_route=%2Fwp%2Fv2%2Fmedia&parent=2947"}],"curies":[{"name":"wp","href":"https:\/\/api.w.org\/{rel}","templated":true}]}}