{"id":2918,"date":"2018-07-17T18:24:44","date_gmt":"2018-07-17T16:24:44","guid":{"rendered":"http:\/\/www.ergotherapie-schwerte.de\/?page_id=2918"},"modified":"2018-07-17T18:24:44","modified_gmt":"2018-07-17T16:24:44","slug":"linkshaenderberatung","status":"publish","type":"page","link":"https:\/\/www.ergotherapie-schwerte.de\/?page_id=2918","title":{"rendered":"Linksh\u00e4nderberatung"},"content":{"rendered":"<h3><strong>Linksh\u00e4nderberatung<br \/>\n<\/strong><\/h3>\n<p>&nbsp;<\/p>\n<p class=\"csc-firstHeader\"><strong>Linksh\u00e4nderberatung \/ H\u00e4ndigkeitstestung<\/strong><\/p>\n<p>Zeigt ihr Kind nach dem 5. Lebensjahr noch einen h\u00e4ufigen Wechsel im Handgebrauch?<\/p>\n<p>Hat ihr Kind noch deutliche Probleme bei feinmotorischen T\u00e4tigkeiten mit der linken Hand?<\/p>\n<p>Wurden Sie oder wurde ihr Kind (un)bewusst umgeschult und ergeben sich dadurch Probleme im Alltag?<\/p>\n<p><strong>Unsere Schwerpunkte der Linksh\u00e4nder-Beratung nach Methodik Dr. J. B. Sattler<\/strong><\/p>\n<ul>\n<li>die Testung der H\u00e4ndigkeit bei Kindern und Erwachsenen<\/li>\n<li>Information und Beratung f\u00fcr den Umgang mit der Linksh\u00e4ndigkeit im Alltag, in der Schule und im Berufsleben<\/li>\n<li>Schreibvorbereitungskurse f\u00fcr linksh\u00e4ndige Vorschul- und Grundschulkinder<\/li>\n<li>Information und Beratung f\u00fcr umgeschulte linksh\u00e4ndige Kinder und Erwachsene<\/li>\n<li>Beratung und Unterst\u00fctzung bei R\u00fcckschulungen auf die eigentlich dominante Hand<\/li>\n<li>Information und Beratung f\u00fcr sogenannte &#8222;Beidh\u00e4nder&#8220;<\/li>\n<li>Vermittlung und Anleitung von Linksh\u00e4nder-Gegenst\u00e4nden wie z.B. Scheren, F\u00fcller, Haushaltsartikel&#8230;<\/li>\n<li>Literaturtipps<\/li>\n<li>Vortr\u00e4ge in Kinderg\u00e4rten und Schulen auf Anfrage<\/li>\n<\/ul>\n","protected":false},"excerpt":{"rendered":"<p>Linksh\u00e4nderberatung &nbsp; Linksh\u00e4nderberatung \/ H\u00e4ndigkeitstestung Zeigt ihr Kind nach dem 5. Lebensjahr noch einen h\u00e4ufigen Wechsel im Handgebrauch? Hat ihr Kind noch deutliche Probleme bei feinmotorischen T\u00e4tigkeiten mit der linken&#8230;<\/p>\n","protected":false},"author":2,"featured_media":0,"parent":9,"menu_order":0,"comment_status":"closed","ping_status":"closed","template":"","meta":{"footnotes":""},"_links":{"self":[{"href":"https:\/\/www.ergotherapie-schwerte.de\/index.php?rest_route=\/wp\/v2\/pages\/2918"}],"collection":[{"href":"https:\/\/www.ergotherapie-schwerte.de\/index.php?rest_route=\/wp\/v2\/pages"}],"about":[{"href":"https:\/\/www.ergotherapie-schwerte.de\/index.php?rest_route=\/wp\/v2\/types\/page"}],"author":[{"embeddable":true,"href":"https:\/\/www.ergotherapie-schwerte.de\/index.php?rest_route=\/wp\/v2\/users\/2"}],"replies":[{"embeddable":true,"href":"https:\/\/www.ergotherapie-schwerte.de\/index.php?rest_route=%2Fwp%2Fv2%2Fcomments&post=2918"}],"version-history":[{"count":14,"href":"https:\/\/www.ergotherapie-schwerte.de\/index.php?rest_route=\/wp\/v2\/pages\/2918\/revisions"}],"predecessor-version":[{"id":2939,"href":"https:\/\/www.ergotherapie-schwerte.de\/index.php?rest_route=\/wp\/v2\/pages\/2918\/revisions\/2939"}],"up":[{"embeddable":true,"href":"https:\/\/www.ergotherapie-schwerte.de\/index.php?rest_route=\/wp\/v2\/pages\/9"}],"wp:attachment":[{"href":"https:\/\/www.ergotherapie-schwerte.de\/index.php?rest_route=%2Fwp%2Fv2%2Fmedia&parent=2918"}],"curies":[{"name":"wp","href":"https:\/\/api.w.org\/{rel}","templated":true}]}}