{"id":2886,"date":"2018-05-17T15:21:53","date_gmt":"2018-05-17T15:21:53","guid":{"rendered":"http:\/\/beta.ergo-schwerte.de\/?page_id=2886"},"modified":"2019-07-01T20:49:31","modified_gmt":"2019-07-01T18:49:31","slug":"impressum","status":"publish","type":"page","link":"https:\/\/www.ergotherapie-schwerte.de\/?page_id=2886","title":{"rendered":"Impressum"},"content":{"rendered":"<p><strong>Angaben gem\u00e4\u00df \u00a7 5 TMG:<\/strong><\/p>\n<p class=\"bodytext\"><strong><br \/>\nVerantwortlich f\u00fcr den Inhalt:<\/strong><b><br \/>\n<\/b><br \/>\nPraxis f\u00fcr Ergotherapie<br \/>\nStefanie Herbst<br \/>\nOstberger Str. 34<br \/>\n58239 Schwerte<\/p>\n<p class=\"bodytext\">Fon: 0 23 04 &#8211; 24 20 41<br \/>\nFax: 0 23 04 &#8211; 24 20 42<\/p>\n<p class=\"bodytext\">E-Mail: <a class=\"mail\" title=\"Opens window for sending email\" href=\"mailto:info@ergotherapie-schwerte.de\">info@ergotherapie-schwerte.de<\/a><br \/>\nWeb: <a class=\"internal-link\" title=\"Opens internal link in current window\" href=\"http:\/\/ergotherapie-froendenberg.de\/ergotherapie-schwerte-de.1.0.html\" target=\"_self\">www.ergotherapie-schwerte.de\u00a0<\/a><\/p>\n<p><strong><br \/>\nBerufsbezeichnung und berufsrechtliche Regelungen:<br \/>\n<\/strong>Berufsbezeichnung: staatlich anerkannte Ergotherapeutin<br \/>\nVerliehen durch: Deutschland<br \/>\nEs gelten folgende berufsrechtliche Regelungen:<br \/>\nRegelungen einsehbar unter: <a href=\"http:\/\/www.gesetze-im-internet.de\/bearbthg\/BJNR012460976.html\">Gesetz \u00fcber den Beruf der Ergotherapeutin und des Ergotherapeuten<\/a><\/p>\n<p><strong><br \/>\nAngaben zur Berufshaftpflichtversicherung:<br \/>\n<\/strong>Name und Sitz des Versicherers:<br \/>\nContinentale Versicherungsverbund<br \/>\nRuhrallee 92<br \/>\n441390 Dortmund<br \/>\nGeltungsraum der Versicherung: Deutschland<\/p>\n<p><strong><br \/>\nZust\u00e4ndige Aufsichtsbeh\u00f6rde:<\/strong><br \/>\nGesundheitsamt des Kreises Unna<br \/>\nPlatanenallee 16<br \/>\n59425 Unna<\/p>\n<p><strong><br \/>\nStreitschlichtung:<br \/>\n<\/strong>Wir sind nicht bereit oder verpflichtet, an Streitbeilegungsverfahren vor einer Verbraucherschlichtungsstelle teilzunehmen.<\/p>\n<div class=\"csc-header csc-header-n3\">\n<p class=\"bodytext\"><strong><br \/>\nHaftungshinweis:<br \/>\n<\/strong>Trotz sorgf\u00e4ltiger inhaltlicher Kontrolle \u00fcbernehmen wir keine Haftung f\u00fcr die Inhalte externer Links.<br \/>\nF\u00fcr den Inhalt der verlinkten Seiten sind ausschlie\u00dflich deren Betreiber verantwortlich.<\/p>\n<\/div>\n","protected":false},"excerpt":{"rendered":"<p>Angaben gem\u00e4\u00df \u00a7 5 TMG: Verantwortlich f\u00fcr den Inhalt: Praxis f\u00fcr Ergotherapie Stefanie Herbst Ostberger Str. 34 58239 Schwerte Fon: 0 23 04 &#8211; 24 20 41 Fax: 0 23&#8230;<\/p>\n","protected":false},"author":2,"featured_media":0,"parent":0,"menu_order":0,"comment_status":"closed","ping_status":"closed","template":"","meta":{"footnotes":""},"_links":{"self":[{"href":"https:\/\/www.ergotherapie-schwerte.de\/index.php?rest_route=\/wp\/v2\/pages\/2886"}],"collection":[{"href":"https:\/\/www.ergotherapie-schwerte.de\/index.php?rest_route=\/wp\/v2\/pages"}],"about":[{"href":"https:\/\/www.ergotherapie-schwerte.de\/index.php?rest_route=\/wp\/v2\/types\/page"}],"author":[{"embeddable":true,"href":"https:\/\/www.ergotherapie-schwerte.de\/index.php?rest_route=\/wp\/v2\/users\/2"}],"replies":[{"embeddable":true,"href":"https:\/\/www.ergotherapie-schwerte.de\/index.php?rest_route=%2Fwp%2Fv2%2Fcomments&post=2886"}],"version-history":[{"count":8,"href":"https:\/\/www.ergotherapie-schwerte.de\/index.php?rest_route=\/wp\/v2\/pages\/2886\/revisions"}],"predecessor-version":[{"id":3166,"href":"https:\/\/www.ergotherapie-schwerte.de\/index.php?rest_route=\/wp\/v2\/pages\/2886\/revisions\/3166"}],"wp:attachment":[{"href":"https:\/\/www.ergotherapie-schwerte.de\/index.php?rest_route=%2Fwp%2Fv2%2Fmedia&parent=2886"}],"curies":[{"name":"wp","href":"https:\/\/api.w.org\/{rel}","templated":true}]}}