{"id":2951,"date":"2018-07-17T18:24:44","date_gmt":"2018-07-17T16:24:44","guid":{"rendered":"http:\/\/www.ergotherapie-schwerte.de\/?page_id=2951"},"modified":"2018-07-17T18:24:44","modified_gmt":"2018-07-17T16:24:44","slug":"sozialkompetenztraining","status":"publish","type":"page","link":"http:\/\/www.ergotherapie-schwerte.de\/?page_id=2951","title":{"rendered":"Sozialkompetenztraining"},"content":{"rendered":"<h3><strong><span id=\"EST\">Sozialkompetenztraining<\/span><\/strong><\/h3>\n<p>&nbsp;<\/p>\n<p><strong><span id=\"EST\">Ergotherapeutisches Sozialkompetenztraining (EST)<\/span><\/strong><\/p>\n<p>Das Ergotherapeutische Sozialkompetenztraining (EST) ist ein manualisiertes Training, das speziell auf die Gegebenheiten und Ressourcen in der Ergotherapie zugeschnitten wurde. Es beinhaltet ein Vorbereitungsgespr\u00e4ch, 14 Kinder-Einheiten, 2 Elternabende und ein Abschlussgespr\u00e4ch. Es wurde f\u00fcr Gruppen bis zu 6 Kinder im Alter von 7-10 Jahren konzipiert, die wegen verschiedener St\u00f6rungsformen der psychosozialen Funktionen und den daraus resultierenden F\u00e4higkeitsst\u00f6rungen ergotherapeutisch behandelt werden sollen. Aufgabe des Trainings ist die Verbesserung der Sozialkompetenz in sehr konkreten, alltagsnahen Situationen.<\/p>\n<p>Die Kinder erarbeiten im EST soziale Regeln und Handlungsm\u00f6glichkeiten, erproben diese spielerisch in der Gruppe und festigen sie durch Hausaufgaben in ihrem jeweiligen Umfeld (Familie, Schule, Freizeit). Die Kinder und ihre Eltern bekommen im Training viele anschauliche, gut einsetzbare Materialien an die Hand, die sie auch nach Therapieende weiter unterst\u00fctzend nutzen k\u00f6nnen.<\/p>\n<p>Ziele des Trainings sind zum Beispiel:<\/p>\n<ul>\n<li>ich kann gut zuh\u00f6ren und daf\u00fcr Blickkontakt aufnehmen und halten<\/li>\n<li>ich kann mich anderen mitteilen, so dass ich geh\u00f6rt und verstanden werde<\/li>\n<li>ich wei\u00df, was ich gut kann und gerne mag<\/li>\n<li>ich kann Grenzen setzen und &#8222;Stopp!&#8220; sagen und achte auf das &#8222;Stopp!&#8220; anderer<\/li>\n<li>ich kann Tricks anwenden, die mich ruhiger machen<\/li>\n<li>ich habe Notfallhelfer f\u00fcr Konfliktsituationen<\/li>\n<li>ich kann mir selbst Mut machen<\/li>\n<li>ich kann mir Hilfe holen, wenn ich sie brauche, aber auch anderen helfen<\/li>\n<li>ich wei\u00df, was es bedeutet, sich vertrauen zu k\u00f6nnen<\/li>\n<li>ich kann mich selbst\u00e4ndig verabreden<\/li>\n<li>ich kann freundlich sein und anderen etwas nettes sagen<\/li>\n<li>ich kann f\u00fchlen, wie es mir geht und das auch sagen \u2014 auch bei anderen kann ich sehen, wie es ihnen geht und darauf R\u00fccksicht nehmen<\/li>\n<\/ul>\n<p class=\"bodytext\">Einen wichtigen Teil macht die enge Einbeziehung der Eltern aus: auch sie erhalten jede Einheit Informationen und praktische Hausaufgaben, um ihre Kinder im Therapieverlauf und auch danach weiter unterst\u00fctzen zu k\u00f6nnen. Zwei Elternabende in der Gruppe bieten zudem die M\u00f6glichkeit, die bisherigen Inhalte der Therapie zu vertiefen, spezielle Eltern-Themen, wie den Familienrat oder das Konfliktgespr\u00e4ch einzuf\u00fchren und sich auszutauschen.<\/p>\n","protected":false},"excerpt":{"rendered":"<p>Sozialkompetenztraining &nbsp; Ergotherapeutisches Sozialkompetenztraining (EST) Das Ergotherapeutische Sozialkompetenztraining (EST) ist ein manualisiertes Training, das speziell auf die Gegebenheiten und Ressourcen in der Ergotherapie zugeschnitten wurde. Es beinhaltet ein Vorbereitungsgespr\u00e4ch, 14&#8230;<\/p>\n","protected":false},"author":2,"featured_media":0,"parent":9,"menu_order":0,"comment_status":"closed","ping_status":"closed","template":"","meta":{"footnotes":""},"_links":{"self":[{"href":"http:\/\/www.ergotherapie-schwerte.de\/index.php?rest_route=\/wp\/v2\/pages\/2951"}],"collection":[{"href":"http:\/\/www.ergotherapie-schwerte.de\/index.php?rest_route=\/wp\/v2\/pages"}],"about":[{"href":"http:\/\/www.ergotherapie-schwerte.de\/index.php?rest_route=\/wp\/v2\/types\/page"}],"author":[{"embeddable":true,"href":"http:\/\/www.ergotherapie-schwerte.de\/index.php?rest_route=\/wp\/v2\/users\/2"}],"replies":[{"embeddable":true,"href":"http:\/\/www.ergotherapie-schwerte.de\/index.php?rest_route=%2Fwp%2Fv2%2Fcomments&post=2951"}],"version-history":[{"count":1,"href":"http:\/\/www.ergotherapie-schwerte.de\/index.php?rest_route=\/wp\/v2\/pages\/2951\/revisions"}],"predecessor-version":[{"id":2952,"href":"http:\/\/www.ergotherapie-schwerte.de\/index.php?rest_route=\/wp\/v2\/pages\/2951\/revisions\/2952"}],"up":[{"embeddable":true,"href":"http:\/\/www.ergotherapie-schwerte.de\/index.php?rest_route=\/wp\/v2\/pages\/9"}],"wp:attachment":[{"href":"http:\/\/www.ergotherapie-schwerte.de\/index.php?rest_route=%2Fwp%2Fv2%2Fmedia&parent=2951"}],"curies":[{"name":"wp","href":"https:\/\/api.w.org\/{rel}","templated":true}]}}