{"id":2941,"date":"2018-07-17T18:24:44","date_gmt":"2018-07-17T16:24:44","guid":{"rendered":"http:\/\/www.ergotherapie-schwerte.de\/?page_id=2941"},"modified":"2018-07-17T18:24:44","modified_gmt":"2018-07-17T16:24:44","slug":"konzentrationstraining","status":"publish","type":"page","link":"http:\/\/www.ergotherapie-schwerte.de\/?page_id=2941","title":{"rendered":"Konzentrationstraining"},"content":{"rendered":"<h3 class=\"csc-firstHeader\">Konzentrationstraining<\/h3>\n<p>&nbsp;<\/p>\n<div class=\"csc-header csc-header-n1\">\n<p class=\"csc-firstHeader\"><strong>Marburger Konzentrationstraining<\/strong><\/p>\n<p class=\"bodytext\">Das Marburger Konzentrationstraining (MKT) ist ein Gruppentraining das \u00fcberwiegend im therapeutischen Bereich eingesetzt wird. Es gibt zum einen eine Version f\u00fcr Vorschulkinder und zum anderen eine f\u00fcr Schulkinder.<\/p>\n<p class=\"bodytext\">Das Training\u00a0wurde entwickelt f\u00fcr Kinder mit u.a. folgenden Schwierigkeiten:<\/p>\n<ul>\n<li>Konzentrationsschw\u00e4che<\/li>\n<li>Aufmerksamkeitsdefizit<\/li>\n<li>Mangelnde Ausdauer<\/li>\n<li>Motorische Unruhe<\/li>\n<li>Schnelle Ablenkbarkeit<\/li>\n<li>Impulsives Verhalten<\/li>\n<li>Reizverarbeitungsschw\u00e4che<\/li>\n<\/ul>\n<p>Das Selbstvertrauen der Kinder wird erheblich gest\u00e4rkt, das instabile Leistungsverhalten in der Schule verbessert und die h\u00e4ufig problematische Hausaufgabensituation deutlich vereinfacht.<\/p>\n<p>Weiter Ziele sind:<\/p>\n<ul>\n<li>Reflexiver Arbeitsstil statt impulsivem Vorgehen<\/li>\n<li>Selbstst\u00e4ndigkeit<\/li>\n<li>Ad\u00e4quater Umgang mit Fehlern<\/li>\n<li>Verbesserung der Leistungsbereitschaft<\/li>\n<li>Zutrauen in eigenes K\u00f6nnen<\/li>\n<li>St\u00e4rkung der Eltern<\/li>\n<li>Verbesserung der Eltern-Kind-Interaktion<\/li>\n<\/ul>\n<\/div>\n<p>Inhalt des MKT ist das Training der Selbststeuerung. Die Kinder lernen das so genannte laute Denken, das innere Sprechen. Sie \u00fcben, planvoll und systematisch vorzugehen und lernen den richtigen Umgang mit Fehlern.<\/p>\n","protected":false},"excerpt":{"rendered":"<p>Konzentrationstraining &nbsp; Marburger Konzentrationstraining Das Marburger Konzentrationstraining (MKT) ist ein Gruppentraining das \u00fcberwiegend im therapeutischen Bereich eingesetzt wird. Es gibt zum einen eine Version f\u00fcr Vorschulkinder und zum anderen eine&#8230;<\/p>\n","protected":false},"author":2,"featured_media":0,"parent":9,"menu_order":0,"comment_status":"closed","ping_status":"closed","template":"","meta":{"footnotes":""},"_links":{"self":[{"href":"http:\/\/www.ergotherapie-schwerte.de\/index.php?rest_route=\/wp\/v2\/pages\/2941"}],"collection":[{"href":"http:\/\/www.ergotherapie-schwerte.de\/index.php?rest_route=\/wp\/v2\/pages"}],"about":[{"href":"http:\/\/www.ergotherapie-schwerte.de\/index.php?rest_route=\/wp\/v2\/types\/page"}],"author":[{"embeddable":true,"href":"http:\/\/www.ergotherapie-schwerte.de\/index.php?rest_route=\/wp\/v2\/users\/2"}],"replies":[{"embeddable":true,"href":"http:\/\/www.ergotherapie-schwerte.de\/index.php?rest_route=%2Fwp%2Fv2%2Fcomments&post=2941"}],"version-history":[{"count":1,"href":"http:\/\/www.ergotherapie-schwerte.de\/index.php?rest_route=\/wp\/v2\/pages\/2941\/revisions"}],"predecessor-version":[{"id":2942,"href":"http:\/\/www.ergotherapie-schwerte.de\/index.php?rest_route=\/wp\/v2\/pages\/2941\/revisions\/2942"}],"up":[{"embeddable":true,"href":"http:\/\/www.ergotherapie-schwerte.de\/index.php?rest_route=\/wp\/v2\/pages\/9"}],"wp:attachment":[{"href":"http:\/\/www.ergotherapie-schwerte.de\/index.php?rest_route=%2Fwp%2Fv2%2Fmedia&parent=2941"}],"curies":[{"name":"wp","href":"https:\/\/api.w.org\/{rel}","templated":true}]}}